{"id":6815,"date":"2026-03-27T13:47:41","date_gmt":"2026-03-27T13:47:41","guid":{"rendered":"https:\/\/anadolukimya.unicorndijital.com\/?page_id=6815"},"modified":"2026-03-27T13:55:39","modified_gmt":"2026-03-27T13:55:39","slug":"tasarim","status":"publish","type":"page","link":"https:\/\/anadolu-kimya.com\/en\/tasarim\/","title":{"rendered":"Design"},"content":{"rendered":"<div data-elementor-type=\"wp-page\" data-elementor-id=\"6815\" class=\"elementor elementor-6815\" data-elementor-post-type=\"page\">\n\t\t\t\t\t\t<section class=\"elementor-section elementor-top-section elementor-element elementor-element-429b474 tm-column-break-ipad-yes elementor-section-stretched tm-col-stretched-none elementor-section-boxed elementor-section-height-default elementor-section-height-default\" data-id=\"429b474\" data-element_type=\"section\" data-settings=\"{&quot;stretch_section&quot;:&quot;section-stretched&quot;}\">\n\t\t\t\t\t\t<div class=\"elementor-container elementor-column-gap-default\">\n\t\t\t\t\t<div class=\"elementor-column elementor-col-50 elementor-top-column elementor-element elementor-element-4d01788\" data-id=\"4d01788\" data-element_type=\"column\">\n\t\t\t<div class=\"elementor-widget-wrap elementor-element-populated\">\n\t\t\t\t\t\t<div class=\"elementor-element elementor-element-94a34b9 elementor-widget elementor-widget-image\" data-id=\"94a34b9\" data-element_type=\"widget\" data-widget_type=\"image.default\">\n\t\t\t\t\t\t\t\t\t\t\t\t\t\t\t<img fetchpriority=\"high\" decoding=\"async\" width=\"847\" height=\"565\" src=\"https:\/\/anadolu-kimya.com\/wp-content\/uploads\/2025\/02\/proje-danismanlik-1024x683.jpg\" class=\"attachment-large size-large wp-image-6462\" alt=\"\" srcset=\"https:\/\/anadolu-kimya.com\/wp-content\/uploads\/2025\/02\/proje-danismanlik-1024x683.jpg 1024w, https:\/\/anadolu-kimya.com\/wp-content\/uploads\/2025\/02\/proje-danismanlik-300x200.jpg 300w, https:\/\/anadolu-kimya.com\/wp-content\/uploads\/2025\/02\/proje-danismanlik-768x512.jpg 768w, https:\/\/anadolu-kimya.com\/wp-content\/uploads\/2025\/02\/proje-danismanlik.jpg 1200w\" sizes=\"(max-width: 847px) 100vw, 847px\" data-id=\"6462\" \/>\t\t\t\t\t\t\t\t\t\t\t\t\t\t\t<\/div>\n\t\t\t\t\t<\/div>\n\t\t<\/div>\n\t\t\t\t<div class=\"elementor-column elementor-col-50 elementor-top-column elementor-element elementor-element-969f006\" data-id=\"969f006\" data-element_type=\"column\">\n\t\t\t<div class=\"elementor-widget-wrap elementor-element-populated\">\n\t\t\t\t\t\t<div class=\"elementor-element elementor-element-99cafd3 tm-align-left elementor-widget elementor-widget-tm_heading\" data-id=\"99cafd3\" data-element_type=\"widget\" data-widget_type=\"tm_heading.default\">\n\t\t\t\t<div class=\"elementor-widget-container\">\n\t\t\t\t\t<div class=\"tm-element-heading-content-wrapper left-align tm-reverse-heading-yes tm-seperator-solid tm-content-with-desc tm-heading-style-vertical\"><div class=\"tm-content-header\"><h4 class=\"tm-element-subheading tm-custom-heading\">\n\t\t\t\tDESIGN\n\t\t\t<\/h4>\n\t\t<h2 class=\"tm-element-content-heading tm-custom-heading\">\n\t\t\t\tCustomized Solutions in Design and Production\n\t\t\t<\/h2>\n\t\t<div class=\"heading-seperator\"><span><\/span><\/div><\/div><div class=\"tm-element-content-desctxt\">We listen to your needs and future plans, and offer you the most suitable solution through on-site measurements and calculations. After exchanging information, we determine your roadmap together.<\/div><\/div>\t\t\t\t<\/div>\n\t\t\t\t<\/div>\n\t\t\t\t<div class=\"elementor-element elementor-element-27a1329 tm-highlight-quote3 elementor-widget elementor-widget-text-editor\" data-id=\"27a1329\" data-element_type=\"widget\" data-widget_type=\"text-editor.default\">\n\t\t\t\t\t\t\t\t\t<blockquote>\u201c&quot;We step in at the limits of standard solutions.&quot;\u201d<\/blockquote>\t\t\t\t\t\t\t\t<\/div>\n\t\t\t\t\t<\/div>\n\t\t<\/div>\n\t\t\t\t\t<\/div>\n\t\t<\/section>\n\t\t\t\t<section class=\"elementor-section elementor-top-section elementor-element elementor-element-e7d175c tm-column-break-ipad-yes tm-bgcolor-darkgrey tm-textcolor-white elementor-section-stretched tm-col-stretched-none elementor-section-boxed elementor-section-height-default elementor-section-height-default\" data-id=\"e7d175c\" data-element_type=\"section\" data-settings=\"{&quot;stretch_section&quot;:&quot;section-stretched&quot;}\">\n\t\t\t\t\t\t\t<div class=\"elementor-background-overlay\"><\/div>\n\t\t\t\t\t\t\t<div class=\"elementor-container elementor-column-gap-default\">\n\t\t\t\t\t<div class=\"elementor-column elementor-col-100 elementor-top-column elementor-element elementor-element-f748745\" data-id=\"f748745\" data-element_type=\"column\">\n\t\t\t<div class=\"elementor-widget-wrap elementor-element-populated\">\n\t\t\t\t\t\t<section class=\"elementor-section elementor-inner-section elementor-element elementor-element-4950ef7 tm-column-break-ipad-yes tm-col-padding-zero-991 tm-col-stretched-none elementor-section-boxed elementor-section-height-default elementor-section-height-default\" data-id=\"4950ef7\" data-element_type=\"section\">\n\t\t\t\t\t\t<div class=\"elementor-container elementor-column-gap-default\">\n\t\t\t\t\t<div class=\"elementor-column elementor-col-66 elementor-inner-column elementor-element elementor-element-73fa623\" data-id=\"73fa623\" data-element_type=\"column\">\n\t\t\t<div class=\"elementor-widget-wrap elementor-element-populated\">\n\t\t\t\t\t\t<div class=\"elementor-element elementor-element-b3e496a elementor-widget elementor-widget-heading\" data-id=\"b3e496a\" data-element_type=\"widget\" data-widget_type=\"heading.default\">\n\t\t\t\t\t<h2 class=\"elementor-heading-title elementor-size-default\">Let&#039;s design the machine you envision together.<\/h2>\t\t\t\t<\/div>\n\t\t\t\t<div class=\"elementor-element elementor-element-86fde68 elementor-widget elementor-widget-text-editor\" data-id=\"86fde68\" data-element_type=\"widget\" data-widget_type=\"text-editor.default\">\n\t\t\t\t\t\t\t\t\tWe offer unique design and manufacturing solutions for needs that are not currently met in the industry, leveraging our engineering expertise.\t\t\t\t\t\t\t\t<\/div>\n\t\t\t\t\t<\/div>\n\t\t<\/div>\n\t\t\t\t<div class=\"elementor-column elementor-col-33 elementor-inner-column elementor-element elementor-element-80f2669\" data-id=\"80f2669\" data-element_type=\"column\">\n\t\t\t<div class=\"elementor-widget-wrap elementor-element-populated\">\n\t\t\t\t\t\t<div class=\"elementor-element elementor-element-9b4e16c elementor-align-center elementor-tablet-align-left tm-btn-style-none tm-btn-color-skincolor tm-btn-style-flat tm-btn-shape-square elementor-widget elementor-widget-button\" data-id=\"9b4e16c\" data-element_type=\"widget\" data-widget_type=\"button.default\">\n\t\t\t\t\t\t\t\t\t\t<a class=\"elementor-button elementor-button-link elementor-size-md\" href=\"\/en\/teklif-alin\/\">\n\t\t\t\t\t\t<span class=\"elementor-button-content-wrapper\">\n\t\t\t\t\t\t\t\t\t<span class=\"elementor-button-text\">Get a Quote<\/span>\n\t\t\t\t\t<\/span>\n\t\t\t\t\t<\/a>\n\t\t\t\t\t\t\t\t<\/div>\n\t\t\t\t<div class=\"elementor-element elementor-element-3890dfd tm-btn-color-white tm-btn-style-outline elementor-align-center elementor-tablet-align-left tm-btn-style-none tm-btn-shape-square elementor-widget elementor-widget-button\" data-id=\"3890dfd\" data-element_type=\"widget\" data-widget_type=\"button.default\">\n\t\t\t\t\t\t\t\t\t\t<a class=\"elementor-button elementor-button-link elementor-size-md\" href=\"\/en\/iletisim\/\">\n\t\t\t\t\t\t<span class=\"elementor-button-content-wrapper\">\n\t\t\t\t\t\t\t\t\t<span class=\"elementor-button-text\">Contact us<\/span>\n\t\t\t\t\t<\/span>\n\t\t\t\t\t<\/a>\n\t\t\t\t\t\t\t\t<\/div>\n\t\t\t\t\t<\/div>\n\t\t<\/div>\n\t\t\t\t\t<\/div>\n\t\t<\/section>\n\t\t\t\t\t<\/div>\n\t\t<\/div>\n\t\t\t\t\t<\/div>\n\t\t<\/section>\n\t\t\t\t<section class=\"elementor-section elementor-top-section elementor-element elementor-element-3f6042b tm-column-break-ipad-yes tm-col-stretched-both tm-bgcolor-white elementor-section-stretched elementor-section-boxed elementor-section-height-default elementor-section-height-default\" data-id=\"3f6042b\" data-element_type=\"section\" data-settings=\"{&quot;stretch_section&quot;:&quot;section-stretched&quot;}\">\n\t\t\t\t\t\t<div class=\"elementor-container elementor-column-gap-default\">\n\t\t\t\t\t<div class=\"elementor-column elementor-col-50 elementor-top-column elementor-element elementor-element-1f5620e tm-custome-border-skin-style\" data-id=\"1f5620e\" data-element_type=\"column\" data-settings=\"{&quot;background_background&quot;:&quot;classic&quot;}\">\n\t\t\t<div class=\"elementor-widget-wrap elementor-element-populated\">\n\t\t\t\t\t\t<div class=\"elementor-element elementor-element-9b8b658 elementor-widget elementor-widget-spacer\" data-id=\"9b8b658\" data-element_type=\"widget\" data-widget_type=\"spacer.default\">\n\t\t\t\t\t\t\t<div class=\"elementor-spacer\">\n\t\t\t<div class=\"elementor-spacer-inner\"><\/div>\n\t\t<\/div>\n\t\t\t\t\t\t<\/div>\n\t\t\t\t<section class=\"elementor-section elementor-inner-section elementor-element elementor-element-3416591 tm-column-break-ipad-yes tm-custome-row-boxposition tm-col-stretched-none elementor-section-boxed elementor-section-height-default elementor-section-height-default\" data-id=\"3416591\" data-element_type=\"section\">\n\t\t\t\t\t\t<div class=\"elementor-container elementor-column-gap-default\">\n\t\t\t\t\t<div class=\"elementor-column elementor-col-50 elementor-inner-column elementor-element elementor-element-002c5ed\" data-id=\"002c5ed\" data-element_type=\"column\">\n\t\t\t<div class=\"elementor-widget-wrap\">\n\t\t\t\t\t\t\t<\/div>\n\t\t<\/div>\n\t\t\t\t<div class=\"elementor-column elementor-col-50 elementor-inner-column elementor-element elementor-element-b5ea562 tm-bgcolor-yes tm-col-bgcolor-skincolor tm-textcolor-white\" data-id=\"b5ea562\" data-element_type=\"column\">\n\t\t\t<div class=\"elementor-widget-wrap elementor-element-populated\">\n\t\t\t\t\t\t<div class=\"elementor-element elementor-element-788cb96 elementor-widget elementor-widget-heading\" data-id=\"788cb96\" data-element_type=\"widget\" data-widget_type=\"heading.default\">\n\t\t\t\t\t<h2 class=\"elementor-heading-title elementor-size-default\">Let&#039;s turn your idea into a product.<\/h2>\t\t\t\t<\/div>\n\t\t\t\t\t<\/div>\n\t\t<\/div>\n\t\t\t\t\t<\/div>\n\t\t<\/section>\n\t\t\t\t\t<\/div>\n\t\t<\/div>\n\t\t\t\t<div class=\"elementor-column elementor-col-50 elementor-top-column elementor-element elementor-element-be3d4b5\" data-id=\"be3d4b5\" data-element_type=\"column\" data-settings=\"{&quot;background_background&quot;:&quot;classic&quot;}\">\n\t\t\t<div class=\"elementor-widget-wrap elementor-element-populated\">\n\t\t\t\t\t\t<div class=\"elementor-element elementor-element-c37fe2a tm-align-left elementor-widget elementor-widget-tm_heading\" data-id=\"c37fe2a\" data-element_type=\"widget\" data-widget_type=\"tm_heading.default\">\n\t\t\t\t<div class=\"elementor-widget-container\">\n\t\t\t\t\t<div class=\"tm-element-heading-content-wrapper left-align tm-reverse-heading-yes tm-seperator-solid tm-content-with-desc tm-heading-style-vertical\"><div class=\"tm-content-header\"><h2 class=\"tm-element-content-heading tm-custom-heading\">\n\t\t\t\tMechanical Solutions Tailored to Your Needs\n\t\t\t<\/h2>\n\t\t<div class=\"heading-seperator\"><span><\/span><\/div><\/div><div class=\"tm-element-content-desctxt\">We design equipment and systems from scratch that are not readily available on the market. We provide engineering support at every stage, from technical drawings to prototyping, and from prototyping to mass production.<\/div><\/div>\t\t\t\t<\/div>\n\t\t\t\t<\/div>\n\t\t\t\t<section class=\"elementor-section elementor-inner-section elementor-element elementor-element-751dfce tm-column-break-ipad-yes tm-col-padding-zero-991 tm-col-stretched-none elementor-section-boxed elementor-section-height-default elementor-section-height-default\" data-id=\"751dfce\" data-element_type=\"section\">\n\t\t\t\t\t\t<div class=\"elementor-container elementor-column-gap-default\">\n\t\t\t\t\t<div class=\"elementor-column elementor-col-50 elementor-inner-column elementor-element elementor-element-f16eeb7\" data-id=\"f16eeb7\" data-element_type=\"column\">\n\t\t\t<div class=\"elementor-widget-wrap elementor-element-populated\">\n\t\t\t\t\t\t<div class=\"elementor-element elementor-element-75191c1 elementor-widget elementor-widget-tm_icon_heading\" data-id=\"75191c1\" data-element_type=\"widget\" data-widget_type=\"tm_icon_heading.default\">\n\t\t\t\t<div class=\"elementor-widget-container\">\n\t\t\t\t\t<div class=\"themetechmount-iconbox themetechmount-iconbox-styletwo  themetechmount-iconcolor-white themetechmount-icon-bgcolor-skincolor tm-iconstyle-rounded-less themetechmount-iconsize-small\">\n\t<div class=\"themetechmount-iconbox-inner\">\n\t\t<div class=\"tm-iconbox-wrapper tm-wrap\">\n\t\t\t<div class=\"themetechmount-iconbox-icon tm-wrap-cell\">\n\t\t\t\t<div class=\"tm-box-icon\"><i class=\"fas fa-check\"><\/i><\/div>\t\t\t<\/div>\n\t\t\t<div class=\"themetechmount-iconbox-heading tm-wrap-cell\">\n\t\t\t\t<h2 class=\"tm-custom-heading\">\n\t\t\t\t\t\n\t\t\t\t\t\tCustom Design to Meet Your Needs\n\t\t\t\t\t\n\t\t\t\t\t<\/h2>\n\t\t\t\t\t\t\t<\/div>\n\t\t\t\t\n\t\t<\/div>\n\t\t\t<div class=\"tm-iconbox-boxcontent\">\t\t\t\n\t\t\t   <div class=\"tm-cta3-content-wrapper\">We design solutions from scratch that are not available in standard products.<\/div>\t\t\t\t\t\n\t\t\t\n\t\t\t<\/div>\t\t\n\t<\/div>\t\n<\/div>\n\t\t\t\t<\/div>\n\t\t\t\t<\/div>\n\t\t\t\t\t<\/div>\n\t\t<\/div>\n\t\t\t\t<div class=\"elementor-column elementor-col-50 elementor-inner-column elementor-element elementor-element-dddfded\" data-id=\"dddfded\" data-element_type=\"column\">\n\t\t\t<div class=\"elementor-widget-wrap elementor-element-populated\">\n\t\t\t\t\t\t<div class=\"elementor-element elementor-element-c992e6b elementor-widget elementor-widget-tm_icon_heading\" data-id=\"c992e6b\" data-element_type=\"widget\" data-widget_type=\"tm_icon_heading.default\">\n\t\t\t\t<div class=\"elementor-widget-container\">\n\t\t\t\t\t<div class=\"themetechmount-iconbox themetechmount-iconbox-styletwo  themetechmount-iconcolor-skincolor themetechmount-icon-bgcolor-skincolor tm-iconstyle-rounded-less themetechmount-iconsize-default\">\n\t<div class=\"themetechmount-iconbox-inner\">\n\t\t<div class=\"tm-iconbox-wrapper tm-wrap\">\n\t\t\t<div class=\"themetechmount-iconbox-icon tm-wrap-cell\">\n\t\t\t\t<div class=\"tm-box-icon\"><i class=\"fas fa-check\"><\/i><\/div>\t\t\t<\/div>\n\t\t\t<div class=\"themetechmount-iconbox-heading tm-wrap-cell\">\n\t\t\t\t<h2 class=\"tm-custom-heading\">\n\t\t\t\t\t\n\t\t\t\t\t\tTechnical Drawing\n\t\t\t\t\t\n\t\t\t\t\t<\/h2>\n\t\t\t\t\t\t\t<\/div>\n\t\t\t\t\n\t\t<\/div>\n\t\t\t<div class=\"tm-iconbox-boxcontent\">\t\t\t\n\t\t\t   <div class=\"tm-cta3-content-wrapper\">We are preparing detailed technical drawings and project files for your approval.<\/div>\t\t\t\t\t\n\t\t\t\n\t\t\t<\/div>\t\t\n\t<\/div>\t\n<\/div>\n\t\t\t\t<\/div>\n\t\t\t\t<\/div>\n\t\t\t\t\t<\/div>\n\t\t<\/div>\n\t\t\t\t\t<\/div>\n\t\t<\/section>\n\t\t\t\t<section class=\"elementor-section elementor-inner-section elementor-element elementor-element-0143661 tm-column-break-ipad-yes tm-col-padding-zero-991 tm-col-stretched-none elementor-section-boxed elementor-section-height-default elementor-section-height-default\" data-id=\"0143661\" data-element_type=\"section\">\n\t\t\t\t\t\t<div class=\"elementor-container elementor-column-gap-default\">\n\t\t\t\t\t<div class=\"elementor-column elementor-col-50 elementor-inner-column elementor-element elementor-element-bf85a2e\" data-id=\"bf85a2e\" data-element_type=\"column\">\n\t\t\t<div class=\"elementor-widget-wrap elementor-element-populated\">\n\t\t\t\t\t\t<div class=\"elementor-element elementor-element-fc864e8 elementor-widget elementor-widget-tm_icon_heading\" data-id=\"fc864e8\" data-element_type=\"widget\" data-widget_type=\"tm_icon_heading.default\">\n\t\t\t\t<div class=\"elementor-widget-container\">\n\t\t\t\t\t<div class=\"themetechmount-iconbox themetechmount-iconbox-styletwo  themetechmount-iconcolor-skincolor themetechmount-icon-bgcolor-skincolor tm-iconstyle-rounded-less themetechmount-iconsize-small\">\n\t<div class=\"themetechmount-iconbox-inner\">\n\t\t<div class=\"tm-iconbox-wrapper tm-wrap\">\n\t\t\t<div class=\"themetechmount-iconbox-icon tm-wrap-cell\">\n\t\t\t\t<div class=\"tm-box-icon\"><i class=\"fas fa-check\"><\/i><\/div>\t\t\t<\/div>\n\t\t\t<div class=\"themetechmount-iconbox-heading tm-wrap-cell\">\n\t\t\t\t<h2 class=\"tm-custom-heading\">\n\t\t\t\t\t\n\t\t\t\t\t\tPrototype Production\n\t\t\t\t\t\n\t\t\t\t\t<\/h2>\n\t\t\t\t\t\t\t<\/div>\n\t\t\t\t\n\t\t<\/div>\n\t\t\t<div class=\"tm-iconbox-boxcontent\">\t\t\t\n\t\t\t   <div class=\"tm-cta3-content-wrapper\">We verify the functionality of the designed product through prototype production.<\/div>\t\t\t\t\t\n\t\t\t\n\t\t\t<\/div>\t\t\n\t<\/div>\t\n<\/div>\n\t\t\t\t<\/div>\n\t\t\t\t<\/div>\n\t\t\t\t\t<\/div>\n\t\t<\/div>\n\t\t\t\t<div class=\"elementor-column elementor-col-50 elementor-inner-column elementor-element elementor-element-d31cf0d\" data-id=\"d31cf0d\" data-element_type=\"column\">\n\t\t\t<div class=\"elementor-widget-wrap elementor-element-populated\">\n\t\t\t\t\t\t<div class=\"elementor-element elementor-element-c5bcade elementor-widget elementor-widget-tm_icon_heading\" data-id=\"c5bcade\" data-element_type=\"widget\" data-widget_type=\"tm_icon_heading.default\">\n\t\t\t\t<div class=\"elementor-widget-container\">\n\t\t\t\t\t<div class=\"themetechmount-iconbox themetechmount-iconbox-styletwo  themetechmount-iconcolor-skincolor themetechmount-icon-bgcolor-skincolor tm-iconstyle-rounded-less themetechmount-iconsize-default\">\n\t<div class=\"themetechmount-iconbox-inner\">\n\t\t<div class=\"tm-iconbox-wrapper tm-wrap\">\n\t\t\t<div class=\"themetechmount-iconbox-icon tm-wrap-cell\">\n\t\t\t\t<div class=\"tm-box-icon\"><i class=\"fas fa-check\"><\/i><\/div>\t\t\t<\/div>\n\t\t\t<div class=\"themetechmount-iconbox-heading tm-wrap-cell\">\n\t\t\t\t<h2 class=\"tm-custom-heading\">\n\t\t\t\t\t\n\t\t\t\t\t\tTransition to Mass Production\n\t\t\t\t\t\n\t\t\t\t\t<\/h2>\n\t\t\t\t\t\t\t<\/div>\n\t\t\t\t\n\t\t<\/div>\n\t\t\t<div class=\"tm-iconbox-boxcontent\">\t\t\t\n\t\t\t   <div class=\"tm-cta3-content-wrapper\">We are bringing the approved design to mass production using our own manufacturing infrastructure.<\/div>\t\t\t\t\t\n\t\t\t\n\t\t\t<\/div>\t\t\n\t<\/div>\t\n<\/div>\n\t\t\t\t<\/div>\n\t\t\t\t<\/div>\n\t\t\t\t\t<\/div>\n\t\t<\/div>\n\t\t\t\t\t<\/div>\n\t\t<\/section>\n\t\t\t\t\t<\/div>\n\t\t<\/div>\n\t\t\t\t\t<\/div>\n\t\t<\/section>\n\t\t\t\t<section class=\"elementor-section elementor-top-section elementor-element elementor-element-836bd34 tm-bgcolor-grey elementor-section-stretched tm-column-break-ipad-no tm-col-stretched-none elementor-section-boxed elementor-section-height-default elementor-section-height-default\" data-id=\"836bd34\" data-element_type=\"section\" data-settings=\"{&quot;stretch_section&quot;:&quot;section-stretched&quot;}\">\n\t\t\t\t\t\t<div class=\"elementor-container elementor-column-gap-default\">\n\t\t\t\t\t<div class=\"elementor-column elementor-col-100 elementor-top-column elementor-element elementor-element-2896fbf\" data-id=\"2896fbf\" data-element_type=\"column\">\n\t\t\t<div class=\"elementor-widget-wrap elementor-element-populated\">\n\t\t\t\t\t\t<div class=\"elementor-element elementor-element-6575c68 tm-align-center elementor-widget elementor-widget-tm_staticbox_element\" data-id=\"6575c68\" data-element_type=\"widget\" data-widget_type=\"tm_staticbox_element.default\">\n\t\t\t\t<div class=\"elementor-widget-container\">\n\t\t\t\t\t\n\t\t<div class=\"tm-element-heading-content-wrapper center-align tm-reverse-heading-yes tm-seperator-solid  tm-heading-style-vertical\"><div class=\"tm-content-header\"><h2 class=\"tm-element-content-heading tm-custom-heading\">\n\t\t\t\tSeamless Process from Design to Production\n\n\t\t\t<\/h2>\n\t\t<div class=\"heading-seperator\"><span><\/span><\/div><\/div><\/div>\n\t\t<!-- <div class=\"themetechmount-boxes-row-wrapper tm-processbox-wrapper\"> -->\n\t\t\t<div class=\"themetechmount-boxes-row-wrapper tm-processbox-wrapper tm-processbox-style2\">\n\n\t\t\n\t\t<div class=\"tm-processbox\">\r\n<div class=\"tm-box-icon\">\r\n\t<div class=\"tm-stepbox-main-icon\"><div class=\"tm-ptable-icon-wrapper\"><i class=\"xlio ion-md-contacts\"><\/i><\/div><\/div>\t<div class=\"process-num\"><span class=\"number\">01<\/span><\/div><\/div>\r\n<div class=\"tm-box-content\">\r\n\t\t<div class=\"tm-box-title\"><h5>Needs Assessment<\/h5><\/div>\t\t<div class=\"themetechmount-static-box-desc\">We listen to your design needs, technical constraints, and expectations, and we evaluate them together.\n<\/div><\/div>\r\n<\/div><div class=\"tm-processbox\">\r\n<div class=\"tm-box-icon\">\r\n\t<div class=\"tm-stepbox-main-icon\"><div class=\"tm-ptable-icon-wrapper\"><i class=\"fas fa-images\"><\/i><\/div><\/div>\t<div class=\"process-num\"><span class=\"number\">02<\/span><\/div><\/div>\r\n<div class=\"tm-box-content\">\r\n\t\t<div class=\"tm-box-title\"><h5>Concept Design<\/h5><\/div>\t\t<div class=\"themetechmount-static-box-desc\">We are shaping the solution with initial draft drawings and technical calculations, and submitting it for your approval.\n<\/div><\/div>\r\n<\/div><div class=\"tm-processbox\">\r\n<div class=\"tm-box-icon\">\r\n\t<div class=\"tm-stepbox-main-icon\"><div class=\"tm-ptable-icon-wrapper\"><i class=\"xlio ion-ios-expand\"><\/i><\/div><\/div>\t<div class=\"process-num\"><span class=\"number\">03<\/span><\/div><\/div>\r\n<div class=\"tm-box-content\">\r\n\t\t<div class=\"tm-box-title\"><h5>Revision and Approval<\/h5><\/div>\t\t<div class=\"themetechmount-static-box-desc\">Based on your feedback, we refine and finalize the design.\n<\/div><\/div>\r\n<\/div><div class=\"tm-processbox\">\r\n<div class=\"tm-box-icon\">\r\n\t<div class=\"tm-stepbox-main-icon\"><div class=\"tm-ptable-icon-wrapper\"><i class=\"fas fa-cogs\"><\/i><\/div><\/div>\t<div class=\"process-num\"><span class=\"number\">04<\/span><\/div><\/div>\r\n<div class=\"tm-box-content\">\r\n\t\t<div class=\"tm-box-title\"><h5>Production and Delivery<\/h5><\/div>\t\t<div class=\"themetechmount-static-box-desc\">We manufacture the approved design, deliver it to your factory, and carry out the commissioning.\n<\/div><\/div>\r\n<\/div>\n\t\t<\/div>\n\n\t    \t\t\t\t<\/div>\n\t\t\t\t<\/div>\n\t\t\t\t\t<\/div>\n\t\t<\/div>\n\t\t\t\t\t<\/div>\n\t\t<\/section>\n\t\t\t\t<\/div>","protected":false},"excerpt":{"rendered":"<p>TASARIM Tasar\u0131m ve \u00dcretimde \u00d6zel \u00c7\u00f6z\u00fcmler \u0130htiya\u00e7lar\u0131n\u0131z\u0131 ve ileriye d\u00f6n\u00fck planlar\u0131n\u0131z\u0131 dinliyor, yerinde \u00f6l\u00e7\u00fcmler ve hesaplamalar ile size en uygun \u00e7\u00f6z\u00fcm\u00fc sunuyoruz. Kar\u015f\u0131l\u0131kl\u0131 bilgi al\u0131\u015fveri\u015finin ard\u0131ndan yol haritan\u0131z\u0131 birlikte belirliyoruz. &#8220;Standart \u00e7\u00f6z\u00fcmlerin s\u0131n\u0131r\u0131nda biz devreye gireriz.&#8221; Hayal Etti\u011finiz Makineyi Birlikte Tasarlayal\u0131m. Sekt\u00f6rde kar\u015f\u0131l\u0131\u011f\u0131 olmayan ihtiya\u00e7lar i\u00e7in m\u00fchendislik birikimimizle \u00f6zg\u00fcn tasar\u0131m ve \u00fcretim \u00e7\u00f6z\u00fcmleri sunuyoruz. Teklif &hellip; <a href=\"https:\/\/anadolu-kimya.com\/en\/tasarim\/\" class=\"more-link\">Continue reading <span class=\"screen-reader-text\">Design<\/span><\/a><\/p>","protected":false},"author":1,"featured_media":0,"parent":0,"menu_order":0,"comment_status":"closed","ping_status":"closed","template":"elementor_theme","meta":{"footnotes":""},"class_list":["post-6815","page","type-page","status-publish","hentry"],"_links":{"self":[{"href":"https:\/\/anadolu-kimya.com\/en\/wp-json\/wp\/v2\/pages\/6815","targetHints":{"allow":["GET"]}}],"collection":[{"href":"https:\/\/anadolu-kimya.com\/en\/wp-json\/wp\/v2\/pages"}],"about":[{"href":"https:\/\/anadolu-kimya.com\/en\/wp-json\/wp\/v2\/types\/page"}],"author":[{"embeddable":true,"href":"https:\/\/anadolu-kimya.com\/en\/wp-json\/wp\/v2\/users\/1"}],"replies":[{"embeddable":true,"href":"https:\/\/anadolu-kimya.com\/en\/wp-json\/wp\/v2\/comments?post=6815"}],"version-history":[{"count":4,"href":"https:\/\/anadolu-kimya.com\/en\/wp-json\/wp\/v2\/pages\/6815\/revisions"}],"predecessor-version":[{"id":6819,"href":"https:\/\/anadolu-kimya.com\/en\/wp-json\/wp\/v2\/pages\/6815\/revisions\/6819"}],"wp:attachment":[{"href":"https:\/\/anadolu-kimya.com\/en\/wp-json\/wp\/v2\/media?parent=6815"}],"curies":[{"name":"wp","href":"https:\/\/api.w.org\/{rel}","templated":true}]}}