{"id":6820,"date":"2026-03-27T13:58:51","date_gmt":"2026-03-27T13:58:51","guid":{"rendered":"https:\/\/anadolukimya.unicorndijital.com\/?page_id=6820"},"modified":"2026-03-27T14:07:47","modified_gmt":"2026-03-27T14:07:47","slug":"parca-uretimi","status":"publish","type":"page","link":"https:\/\/anadolu-kimya.com\/ro\/parca-uretimi\/","title":{"rendered":"Fabricarea pieselor"},"content":{"rendered":"<div data-elementor-type=\"wp-page\" data-elementor-id=\"6820\" class=\"elementor elementor-6820\" data-elementor-post-type=\"page\">\n\t\t\t\t\t\t<section class=\"elementor-section elementor-top-section elementor-element elementor-element-429b474 tm-column-break-ipad-yes elementor-section-stretched tm-col-stretched-none elementor-section-boxed elementor-section-height-default elementor-section-height-default\" data-id=\"429b474\" data-element_type=\"section\" data-settings=\"{&quot;stretch_section&quot;:&quot;section-stretched&quot;}\">\n\t\t\t\t\t\t<div class=\"elementor-container elementor-column-gap-default\">\n\t\t\t\t\t<div class=\"elementor-column elementor-col-50 elementor-top-column elementor-element elementor-element-4d01788\" data-id=\"4d01788\" data-element_type=\"column\">\n\t\t\t<div class=\"elementor-widget-wrap elementor-element-populated\">\n\t\t\t\t\t\t<div class=\"elementor-element elementor-element-94a34b9 elementor-widget elementor-widget-image\" data-id=\"94a34b9\" data-element_type=\"widget\" data-widget_type=\"image.default\">\n\t\t\t\t\t\t\t\t\t\t\t\t\t\t\t<img fetchpriority=\"high\" decoding=\"async\" width=\"847\" height=\"635\" src=\"https:\/\/anadolu-kimya.com\/wp-content\/uploads\/2026\/03\/IMG_1333-1024x768.jpg\" class=\"attachment-large size-large wp-image-6717\" alt=\"\" srcset=\"https:\/\/anadolu-kimya.com\/wp-content\/uploads\/2026\/03\/IMG_1333-1024x768.jpg 1024w, https:\/\/anadolu-kimya.com\/wp-content\/uploads\/2026\/03\/IMG_1333-300x225.jpg 300w, https:\/\/anadolu-kimya.com\/wp-content\/uploads\/2026\/03\/IMG_1333-768x576.jpg 768w, https:\/\/anadolu-kimya.com\/wp-content\/uploads\/2026\/03\/IMG_1333.jpg 1365w\" sizes=\"(max-width: 847px) 100vw, 847px\" data-id=\"6717\" \/>\t\t\t\t\t\t\t\t\t\t\t\t\t\t\t<\/div>\n\t\t\t\t\t<\/div>\n\t\t<\/div>\n\t\t\t\t<div class=\"elementor-column elementor-col-50 elementor-top-column elementor-element elementor-element-969f006\" data-id=\"969f006\" data-element_type=\"column\">\n\t\t\t<div class=\"elementor-widget-wrap elementor-element-populated\">\n\t\t\t\t\t\t<div class=\"elementor-element elementor-element-99cafd3 tm-align-left elementor-widget elementor-widget-tm_heading\" data-id=\"99cafd3\" data-element_type=\"widget\" data-widget_type=\"tm_heading.default\">\n\t\t\t\t<div class=\"elementor-widget-container\">\n\t\t\t\t\t<div class=\"tm-element-heading-content-wrapper left-align tm-reverse-heading-yes tm-seperator-solid tm-content-with-desc tm-heading-style-vertical\"><div class=\"tm-content-header\"><h4 class=\"tm-element-subheading tm-custom-heading\">\n\t\t\t\tPRODUC\u021aIE DE PIESE\n\t\t\t<\/h4>\n\t\t<h2 class=\"tm-element-content-heading tm-custom-heading\">\n\t\t\t\tPrecizie \u0219i fiabilitate \u00een fabricarea pieselor industriale\n\t\t\t<\/h2>\n\t\t<div class=\"heading-seperator\"><span><\/span><\/div><\/div><div class=\"tm-element-content-desctxt\">Fabric\u0103m componentele necesare sistemelor industriale cu standarde ridicate de precizie \u0219i calitate. Piesele, fie c\u0103 sunt proiectate la comand\u0103 pentru un proiect specific sau produse conform desenelor tehnice, sunt fabricate av\u00e2nd \u00een vedere durabilitatea, fiabilitatea \u0219i durata lung\u0103 de via\u021b\u0103.<\/div><\/div>\t\t\t\t<\/div>\n\t\t\t\t<\/div>\n\t\t\t\t<div class=\"elementor-element elementor-element-27a1329 tm-highlight-quote3 elementor-widget elementor-widget-text-editor\" data-id=\"27a1329\" data-element_type=\"widget\" data-widget_type=\"text-editor.default\">\n\t\t\t\t\t\t\t\t\t<blockquote>\u201cCalitatea unei singure componente determin\u0103 eficien\u021ba \u00eentregii linii.\u201d<\/blockquote>\t\t\t\t\t\t\t\t<\/div>\n\t\t\t\t\t<\/div>\n\t\t<\/div>\n\t\t\t\t\t<\/div>\n\t\t<\/section>\n\t\t\t\t<section class=\"elementor-section elementor-top-section elementor-element elementor-element-e7d175c tm-column-break-ipad-yes tm-bgcolor-darkgrey tm-textcolor-white elementor-section-stretched tm-col-stretched-none elementor-section-boxed elementor-section-height-default elementor-section-height-default\" data-id=\"e7d175c\" data-element_type=\"section\" data-settings=\"{&quot;stretch_section&quot;:&quot;section-stretched&quot;}\">\n\t\t\t\t\t\t\t<div class=\"elementor-background-overlay\"><\/div>\n\t\t\t\t\t\t\t<div class=\"elementor-container elementor-column-gap-default\">\n\t\t\t\t\t<div class=\"elementor-column elementor-col-100 elementor-top-column elementor-element elementor-element-f748745\" data-id=\"f748745\" data-element_type=\"column\">\n\t\t\t<div class=\"elementor-widget-wrap elementor-element-populated\">\n\t\t\t\t\t\t<section class=\"elementor-section elementor-inner-section elementor-element elementor-element-4950ef7 tm-column-break-ipad-yes tm-col-padding-zero-991 tm-col-stretched-none elementor-section-boxed elementor-section-height-default elementor-section-height-default\" data-id=\"4950ef7\" data-element_type=\"section\">\n\t\t\t\t\t\t<div class=\"elementor-container elementor-column-gap-default\">\n\t\t\t\t\t<div class=\"elementor-column elementor-col-66 elementor-inner-column elementor-element elementor-element-73fa623\" data-id=\"73fa623\" data-element_type=\"column\">\n\t\t\t<div class=\"elementor-widget-wrap elementor-element-populated\">\n\t\t\t\t\t\t<div class=\"elementor-element elementor-element-b3e496a elementor-widget elementor-widget-heading\" data-id=\"b3e496a\" data-element_type=\"widget\" data-widget_type=\"heading.default\">\n\t\t\t\t\t<h2 class=\"elementor-heading-title elementor-size-default\">Descrie-\u021bi lucrarea, iar noi ne vom ocupa de restul.<\/h2>\t\t\t\t<\/div>\n\t\t\t\t<div class=\"elementor-element elementor-element-86fde68 elementor-widget elementor-widget-text-editor\" data-id=\"86fde68\" data-element_type=\"widget\" data-widget_type=\"text-editor.default\">\n\t\t\t\t\t\t\t\t\tFabric\u0103m piese care corespund perfect desenelor dumneavoastr\u0103 tehnice. Aplic\u0103m controlul calit\u0103\u021bii \u00een fiecare etap\u0103, de la selec\u021bia materialelor p\u00e2n\u0103 la toleran\u021bele de prelucrare. Avem capacitatea de a produce piese de toate dimensiunile, de la piese individuale p\u00e2n\u0103 la produc\u021bia de mas\u0103.\t\t\t\t\t\t\t\t<\/div>\n\t\t\t\t\t<\/div>\n\t\t<\/div>\n\t\t\t\t<div class=\"elementor-column elementor-col-33 elementor-inner-column elementor-element elementor-element-80f2669\" data-id=\"80f2669\" data-element_type=\"column\">\n\t\t\t<div class=\"elementor-widget-wrap elementor-element-populated\">\n\t\t\t\t\t\t<div class=\"elementor-element elementor-element-9b4e16c elementor-align-center elementor-tablet-align-left tm-btn-style-none tm-btn-color-skincolor tm-btn-style-flat tm-btn-shape-square elementor-widget elementor-widget-button\" data-id=\"9b4e16c\" data-element_type=\"widget\" data-widget_type=\"button.default\">\n\t\t\t\t\t\t\t\t\t\t<a class=\"elementor-button elementor-button-link elementor-size-md\" href=\"\/ro\/teklif-alin\/\">\n\t\t\t\t\t\t<span class=\"elementor-button-content-wrapper\">\n\t\t\t\t\t\t\t\t\t<span class=\"elementor-button-text\">Ob\u021bine\u021bi o ofert\u0103<\/span>\n\t\t\t\t\t<\/span>\n\t\t\t\t\t<\/a>\n\t\t\t\t\t\t\t\t<\/div>\n\t\t\t\t<div class=\"elementor-element elementor-element-3890dfd tm-btn-color-white tm-btn-style-outline elementor-align-center elementor-tablet-align-left tm-btn-style-none tm-btn-shape-square elementor-widget elementor-widget-button\" data-id=\"3890dfd\" data-element_type=\"widget\" data-widget_type=\"button.default\">\n\t\t\t\t\t\t\t\t\t\t<a class=\"elementor-button elementor-button-link elementor-size-md\" href=\"\/ro\/iletisim\/\">\n\t\t\t\t\t\t<span class=\"elementor-button-content-wrapper\">\n\t\t\t\t\t\t\t\t\t<span class=\"elementor-button-text\">Contacta\u0163i-ne<\/span>\n\t\t\t\t\t<\/span>\n\t\t\t\t\t<\/a>\n\t\t\t\t\t\t\t\t<\/div>\n\t\t\t\t\t<\/div>\n\t\t<\/div>\n\t\t\t\t\t<\/div>\n\t\t<\/section>\n\t\t\t\t\t<\/div>\n\t\t<\/div>\n\t\t\t\t\t<\/div>\n\t\t<\/section>\n\t\t\t\t<section class=\"elementor-section elementor-top-section elementor-element elementor-element-3f6042b tm-column-break-ipad-yes tm-col-stretched-both tm-bgcolor-white elementor-section-stretched elementor-section-boxed elementor-section-height-default elementor-section-height-default\" data-id=\"3f6042b\" data-element_type=\"section\" data-settings=\"{&quot;stretch_section&quot;:&quot;section-stretched&quot;}\">\n\t\t\t\t\t\t<div class=\"elementor-container elementor-column-gap-default\">\n\t\t\t\t\t<div class=\"elementor-column elementor-col-50 elementor-top-column elementor-element elementor-element-1f5620e tm-custome-border-skin-style\" data-id=\"1f5620e\" data-element_type=\"column\" data-settings=\"{&quot;background_background&quot;:&quot;classic&quot;}\">\n\t\t\t<div class=\"elementor-widget-wrap elementor-element-populated\">\n\t\t\t\t\t\t<div class=\"elementor-element elementor-element-9b8b658 elementor-widget elementor-widget-spacer\" data-id=\"9b8b658\" data-element_type=\"widget\" data-widget_type=\"spacer.default\">\n\t\t\t\t\t\t\t<div class=\"elementor-spacer\">\n\t\t\t<div class=\"elementor-spacer-inner\"><\/div>\n\t\t<\/div>\n\t\t\t\t\t\t<\/div>\n\t\t\t\t<section class=\"elementor-section elementor-inner-section elementor-element elementor-element-3416591 tm-column-break-ipad-yes tm-custome-row-boxposition tm-col-stretched-none elementor-section-boxed elementor-section-height-default elementor-section-height-default\" data-id=\"3416591\" data-element_type=\"section\">\n\t\t\t\t\t\t<div class=\"elementor-container elementor-column-gap-default\">\n\t\t\t\t\t<div class=\"elementor-column elementor-col-50 elementor-inner-column elementor-element elementor-element-002c5ed\" data-id=\"002c5ed\" data-element_type=\"column\">\n\t\t\t<div class=\"elementor-widget-wrap\">\n\t\t\t\t\t\t\t<\/div>\n\t\t<\/div>\n\t\t\t\t<div class=\"elementor-column elementor-col-50 elementor-inner-column elementor-element elementor-element-b5ea562 tm-bgcolor-yes tm-col-bgcolor-skincolor tm-textcolor-white\" data-id=\"b5ea562\" data-element_type=\"column\">\n\t\t\t<div class=\"elementor-widget-wrap elementor-element-populated\">\n\t\t\t\t\t\t<div class=\"elementor-element elementor-element-788cb96 elementor-widget elementor-widget-heading\" data-id=\"788cb96\" data-element_type=\"widget\" data-widget_type=\"heading.default\">\n\t\t\t\t\t<h2 class=\"elementor-heading-title elementor-size-default\">Livrare la timp f\u0103r\u0103 compromisuri \u00een ceea ce prive\u0219te precizia.<\/h2>\t\t\t\t<\/div>\n\t\t\t\t\t<\/div>\n\t\t<\/div>\n\t\t\t\t\t<\/div>\n\t\t<\/section>\n\t\t\t\t\t<\/div>\n\t\t<\/div>\n\t\t\t\t<div class=\"elementor-column elementor-col-50 elementor-top-column elementor-element elementor-element-be3d4b5\" data-id=\"be3d4b5\" data-element_type=\"column\" data-settings=\"{&quot;background_background&quot;:&quot;classic&quot;}\">\n\t\t\t<div class=\"elementor-widget-wrap elementor-element-populated\">\n\t\t\t\t\t\t<div class=\"elementor-element elementor-element-c37fe2a tm-align-left elementor-widget elementor-widget-tm_heading\" data-id=\"c37fe2a\" data-element_type=\"widget\" data-widget_type=\"tm_heading.default\">\n\t\t\t\t<div class=\"elementor-widget-container\">\n\t\t\t\t\t<div class=\"tm-element-heading-content-wrapper left-align tm-reverse-heading-yes tm-seperator-solid tm-content-with-desc tm-heading-style-vertical\"><div class=\"tm-content-header\"><h2 class=\"tm-element-content-heading tm-custom-heading\">\n\t\t\t\tFabrica\u021bie de piese de calitate, f\u0103r\u0103 compromisuri, specific\u0103 fiec\u0103rui proiect\n\n\t\t\t<\/h2>\n\t\t<div class=\"heading-seperator\"><span><\/span><\/div><\/div><div class=\"tm-element-content-desctxt\">Fabric\u0103m piese care corespund perfect desenelor dumneavoastr\u0103 tehnice. Aplic\u0103m controlul calit\u0103\u021bii \u00een fiecare etap\u0103, de la selec\u021bia materialelor p\u00e2n\u0103 la toleran\u021bele de prelucrare. Avem capacitatea de a produce piese de toate dimensiunile, de la piese individuale p\u00e2n\u0103 la produc\u021bia de mas\u0103.<\/div><\/div>\t\t\t\t<\/div>\n\t\t\t\t<\/div>\n\t\t\t\t<section class=\"elementor-section elementor-inner-section elementor-element elementor-element-751dfce tm-column-break-ipad-yes tm-col-padding-zero-991 tm-col-stretched-none elementor-section-boxed elementor-section-height-default elementor-section-height-default\" data-id=\"751dfce\" data-element_type=\"section\">\n\t\t\t\t\t\t<div class=\"elementor-container elementor-column-gap-default\">\n\t\t\t\t\t<div class=\"elementor-column elementor-col-50 elementor-inner-column elementor-element elementor-element-f16eeb7\" data-id=\"f16eeb7\" data-element_type=\"column\">\n\t\t\t<div class=\"elementor-widget-wrap elementor-element-populated\">\n\t\t\t\t\t\t<div class=\"elementor-element elementor-element-75191c1 elementor-widget elementor-widget-tm_icon_heading\" data-id=\"75191c1\" data-element_type=\"widget\" data-widget_type=\"tm_icon_heading.default\">\n\t\t\t\t<div class=\"elementor-widget-container\">\n\t\t\t\t\t<div class=\"themetechmount-iconbox themetechmount-iconbox-styletwo  themetechmount-iconcolor-white themetechmount-icon-bgcolor-skincolor tm-iconstyle-rounded-less themetechmount-iconsize-small\">\n\t<div class=\"themetechmount-iconbox-inner\">\n\t\t<div class=\"tm-iconbox-wrapper tm-wrap\">\n\t\t\t<div class=\"themetechmount-iconbox-icon tm-wrap-cell\">\n\t\t\t\t<div class=\"tm-box-icon\"><i class=\"fas fa-check\"><\/i><\/div>\t\t\t<\/div>\n\t\t\t<div class=\"themetechmount-iconbox-heading tm-wrap-cell\">\n\t\t\t\t<h2 class=\"tm-custom-heading\">\n\t\t\t\t\t\n\t\t\t\t\t\tProduc\u021bie conform desenelor tehnice.\n\t\t\t\t\t\n\t\t\t\t\t<\/h2>\n\t\t\t\t\t\t\t<\/div>\n\t\t\t\t\n\t\t<\/div>\n\t\t\t<div class=\"tm-iconbox-boxcontent\">\t\t\t\n\t\t\t   <div class=\"tm-cta3-content-wrapper\">Fabric\u0103m piese care corespund perfect desenelor dumneavoastr\u0103 tehnice existente.\n<\/div>\t\t\t\t\t\n\t\t\t\n\t\t\t<\/div>\t\t\n\t<\/div>\t\n<\/div>\n\t\t\t\t<\/div>\n\t\t\t\t<\/div>\n\t\t\t\t\t<\/div>\n\t\t<\/div>\n\t\t\t\t<div class=\"elementor-column elementor-col-50 elementor-inner-column elementor-element elementor-element-dddfded\" data-id=\"dddfded\" data-element_type=\"column\">\n\t\t\t<div class=\"elementor-widget-wrap elementor-element-populated\">\n\t\t\t\t\t\t<div class=\"elementor-element elementor-element-c992e6b elementor-widget elementor-widget-tm_icon_heading\" data-id=\"c992e6b\" data-element_type=\"widget\" data-widget_type=\"tm_icon_heading.default\">\n\t\t\t\t<div class=\"elementor-widget-container\">\n\t\t\t\t\t<div class=\"themetechmount-iconbox themetechmount-iconbox-styletwo  themetechmount-iconcolor-skincolor themetechmount-icon-bgcolor-skincolor tm-iconstyle-rounded-less themetechmount-iconsize-default\">\n\t<div class=\"themetechmount-iconbox-inner\">\n\t\t<div class=\"tm-iconbox-wrapper tm-wrap\">\n\t\t\t<div class=\"themetechmount-iconbox-icon tm-wrap-cell\">\n\t\t\t\t<div class=\"tm-box-icon\"><i class=\"fas fa-check\"><\/i><\/div>\t\t\t<\/div>\n\t\t\t<div class=\"themetechmount-iconbox-heading tm-wrap-cell\">\n\t\t\t\t<h2 class=\"tm-custom-heading\">\n\t\t\t\t\t\n\t\t\t\t\t\tPrelucrare cu toleran\u021b\u0103 ridicat\u0103\n\t\t\t\t\t\n\t\t\t\t\t<\/h2>\n\t\t\t\t\t\t\t<\/div>\n\t\t\t\t\n\t\t<\/div>\n\t\t\t<div class=\"tm-iconbox-boxcontent\">\t\t\t\n\t\t\t   <div class=\"tm-cta3-content-wrapper\">Fabric\u0103m piese industriale care necesit\u0103 m\u0103sur\u0103tori precise conform unor standarde stricte.\n<\/div>\t\t\t\t\t\n\t\t\t\n\t\t\t<\/div>\t\t\n\t<\/div>\t\n<\/div>\n\t\t\t\t<\/div>\n\t\t\t\t<\/div>\n\t\t\t\t\t<\/div>\n\t\t<\/div>\n\t\t\t\t\t<\/div>\n\t\t<\/section>\n\t\t\t\t<section class=\"elementor-section elementor-inner-section elementor-element elementor-element-0143661 tm-column-break-ipad-yes tm-col-padding-zero-991 tm-col-stretched-none elementor-section-boxed elementor-section-height-default elementor-section-height-default\" data-id=\"0143661\" data-element_type=\"section\">\n\t\t\t\t\t\t<div class=\"elementor-container elementor-column-gap-default\">\n\t\t\t\t\t<div class=\"elementor-column elementor-col-50 elementor-inner-column elementor-element elementor-element-bf85a2e\" data-id=\"bf85a2e\" data-element_type=\"column\">\n\t\t\t<div class=\"elementor-widget-wrap elementor-element-populated\">\n\t\t\t\t\t\t<div class=\"elementor-element elementor-element-fc864e8 elementor-widget elementor-widget-tm_icon_heading\" data-id=\"fc864e8\" data-element_type=\"widget\" data-widget_type=\"tm_icon_heading.default\">\n\t\t\t\t<div class=\"elementor-widget-container\">\n\t\t\t\t\t<div class=\"themetechmount-iconbox themetechmount-iconbox-styletwo  themetechmount-iconcolor-skincolor themetechmount-icon-bgcolor-skincolor tm-iconstyle-rounded-less themetechmount-iconsize-small\">\n\t<div class=\"themetechmount-iconbox-inner\">\n\t\t<div class=\"tm-iconbox-wrapper tm-wrap\">\n\t\t\t<div class=\"themetechmount-iconbox-icon tm-wrap-cell\">\n\t\t\t\t<div class=\"tm-box-icon\"><i class=\"fas fa-check\"><\/i><\/div>\t\t\t<\/div>\n\t\t\t<div class=\"themetechmount-iconbox-heading tm-wrap-cell\">\n\t\t\t\t<h2 class=\"tm-custom-heading\">\n\t\t\t\t\t\n\t\t\t\t\t\tVarietate de materiale\n\t\t\t\t\t\n\t\t\t\t\t<\/h2>\n\t\t\t\t\t\t\t<\/div>\n\t\t\t\t\n\t\t<\/div>\n\t\t\t<div class=\"tm-iconbox-boxcontent\">\t\t\t\n\t\t\t   <div class=\"tm-cta3-content-wrapper\">Oferim o gam\u0103 larg\u0103 de produse din o\u021bel, o\u021bel inoxidabil \u0219i aliaje speciale.\n<\/div>\t\t\t\t\t\n\t\t\t\n\t\t\t<\/div>\t\t\n\t<\/div>\t\n<\/div>\n\t\t\t\t<\/div>\n\t\t\t\t<\/div>\n\t\t\t\t\t<\/div>\n\t\t<\/div>\n\t\t\t\t<div class=\"elementor-column elementor-col-50 elementor-inner-column elementor-element elementor-element-d31cf0d\" data-id=\"d31cf0d\" data-element_type=\"column\">\n\t\t\t<div class=\"elementor-widget-wrap elementor-element-populated\">\n\t\t\t\t\t\t<div class=\"elementor-element elementor-element-c5bcade elementor-widget elementor-widget-tm_icon_heading\" data-id=\"c5bcade\" data-element_type=\"widget\" data-widget_type=\"tm_icon_heading.default\">\n\t\t\t\t<div class=\"elementor-widget-container\">\n\t\t\t\t\t<div class=\"themetechmount-iconbox themetechmount-iconbox-styletwo  themetechmount-iconcolor-skincolor themetechmount-icon-bgcolor-skincolor tm-iconstyle-rounded-less themetechmount-iconsize-default\">\n\t<div class=\"themetechmount-iconbox-inner\">\n\t\t<div class=\"tm-iconbox-wrapper tm-wrap\">\n\t\t\t<div class=\"themetechmount-iconbox-icon tm-wrap-cell\">\n\t\t\t\t<div class=\"tm-box-icon\"><i class=\"fas fa-check\"><\/i><\/div>\t\t\t<\/div>\n\t\t\t<div class=\"themetechmount-iconbox-heading tm-wrap-cell\">\n\t\t\t\t<h2 class=\"tm-custom-heading\">\n\t\t\t\t\t\n\t\t\t\t\t\tControlul calit\u0103\u021bii\n\t\t\t\t\t\n\t\t\t\t\t<\/h2>\n\t\t\t\t\t\t\t<\/div>\n\t\t\t\t\n\t\t<\/div>\n\t\t\t<div class=\"tm-iconbox-boxcontent\">\t\t\t\n\t\t\t   <div class=\"tm-cta3-content-wrapper\">Fiecare pies\u0103 este supus\u0103 unui control dimensional \u0219i vizual al calit\u0103\u021bii \u00eenainte de livrare.\n<\/div>\t\t\t\t\t\n\t\t\t\n\t\t\t<\/div>\t\t\n\t<\/div>\t\n<\/div>\n\t\t\t\t<\/div>\n\t\t\t\t<\/div>\n\t\t\t\t\t<\/div>\n\t\t<\/div>\n\t\t\t\t\t<\/div>\n\t\t<\/section>\n\t\t\t\t\t<\/div>\n\t\t<\/div>\n\t\t\t\t\t<\/div>\n\t\t<\/section>\n\t\t\t\t<section class=\"elementor-section elementor-top-section elementor-element elementor-element-836bd34 tm-bgcolor-grey elementor-section-stretched tm-column-break-ipad-no tm-col-stretched-none elementor-section-boxed elementor-section-height-default elementor-section-height-default\" data-id=\"836bd34\" data-element_type=\"section\" data-settings=\"{&quot;stretch_section&quot;:&quot;section-stretched&quot;}\">\n\t\t\t\t\t\t<div class=\"elementor-container elementor-column-gap-default\">\n\t\t\t\t\t<div class=\"elementor-column elementor-col-100 elementor-top-column elementor-element elementor-element-2896fbf\" data-id=\"2896fbf\" data-element_type=\"column\">\n\t\t\t<div class=\"elementor-widget-wrap elementor-element-populated\">\n\t\t\t\t\t\t<div class=\"elementor-element elementor-element-6575c68 tm-align-center elementor-widget elementor-widget-tm_staticbox_element\" data-id=\"6575c68\" data-element_type=\"widget\" data-widget_type=\"tm_staticbox_element.default\">\n\t\t\t\t<div class=\"elementor-widget-container\">\n\t\t\t\t\t\n\t\t<div class=\"tm-element-heading-content-wrapper center-align tm-reverse-heading-yes tm-seperator-solid  tm-heading-style-vertical\"><div class=\"tm-content-header\"><h2 class=\"tm-element-content-heading tm-custom-heading\">\n\t\t\t\tUn proces de produc\u021bie fiabil de la comand\u0103 p\u00e2n\u0103 la livrare.\n\n\t\t\t<\/h2>\n\t\t<div class=\"heading-seperator\"><span><\/span><\/div><\/div><\/div>\n\t\t<!-- <div class=\"themetechmount-boxes-row-wrapper tm-processbox-wrapper\"> -->\n\t\t\t<div class=\"themetechmount-boxes-row-wrapper tm-processbox-wrapper tm-processbox-style2\">\n\n\t\t\n\t\t<div class=\"tm-processbox\">\r\n<div class=\"tm-box-icon\">\r\n\t<div class=\"tm-stepbox-main-icon\"><div class=\"tm-ptable-icon-wrapper\"><i class=\"xlio ion-md-contacts\"><\/i><\/div><\/div>\t<div class=\"process-num\"><span class=\"number\">01<\/span><\/div><\/div>\r\n<div class=\"tm-box-content\">\r\n\t\t<div class=\"tm-box-title\"><h5>Revizuire tehnic\u0103<\/h5><\/div>\t\t<div class=\"themetechmount-static-box-desc\">Verific\u0103m desenele dumneavoastr\u0103 tehnice sau piesa mostr\u0103 \u0219i efectu\u0103m o evaluare a fabricabilit\u0103\u021bii.\n<\/div><\/div>\r\n<\/div><div class=\"tm-processbox\">\r\n<div class=\"tm-box-icon\">\r\n\t<div class=\"tm-stepbox-main-icon\"><div class=\"tm-ptable-icon-wrapper\"><i class=\"fas fa-images\"><\/i><\/div><\/div>\t<div class=\"process-num\"><span class=\"number\">02<\/span><\/div><\/div>\r\n<div class=\"tm-box-content\">\r\n\t\t<div class=\"tm-box-title\"><h5>Selec\u021bia materialelor<\/h5><\/div>\t\t<div class=\"themetechmount-static-box-desc\">Identific\u0103m cele mai potrivite materiale pentru nevoile dumneavoastr\u0103 \u0219i v\u0103 oferim o ofert\u0103 de pre\u021b transparent\u0103.\n<\/div><\/div>\r\n<\/div><div class=\"tm-processbox\">\r\n<div class=\"tm-box-icon\">\r\n\t<div class=\"tm-stepbox-main-icon\"><div class=\"tm-ptable-icon-wrapper\"><i class=\"xlio ion-ios-expand\"><\/i><\/div><\/div>\t<div class=\"process-num\"><span class=\"number\">03<\/span><\/div><\/div>\r\n<div class=\"tm-box-content\">\r\n\t\t<div class=\"tm-box-title\"><h5>Produc\u021bie<\/h5><\/div>\t\t<div class=\"themetechmount-static-box-desc\">Odat\u0103 ce primim aprobarea, \u00eencepem produc\u021bia, fabric\u00e2nd \u00een conformitate cu toleran\u021bele \u0219i standardele de calitate specificate.\n<\/div><\/div>\r\n<\/div><div class=\"tm-processbox\">\r\n<div class=\"tm-box-icon\">\r\n\t<div class=\"tm-stepbox-main-icon\"><div class=\"tm-ptable-icon-wrapper\"><i class=\"fas fa-cogs\"><\/i><\/div><\/div>\t<div class=\"process-num\"><span class=\"number\">04<\/span><\/div><\/div>\r\n<div class=\"tm-box-content\">\r\n\t\t<div class=\"tm-box-title\"><h5>Controlul calit\u0103\u021bii<\/h5><\/div>\t\t<div class=\"themetechmount-static-box-desc\">Inspect\u0103m piesele fabricate \u0219i le livr\u0103m la timp \u0219i complet.\n<\/div><\/div>\r\n<\/div>\n\t\t<\/div>\n\n\t    \t\t\t\t<\/div>\n\t\t\t\t<\/div>\n\t\t\t\t\t<\/div>\n\t\t<\/div>\n\t\t\t\t\t<\/div>\n\t\t<\/section>\n\t\t\t\t<\/div>","protected":false},"excerpt":{"rendered":"<p>PAR\u00c7A \u00dcRET\u0130M\u0130 End\u00fcstriyel Par\u00e7a \u00dcretiminde Hassasiyet ve G\u00fcvenilirlik End\u00fcstriyel sistemler i\u00e7in ihtiya\u00e7 duyulan par\u00e7alar\u0131n \u00fcretimini y\u00fcksek hassasiyet ve kalite standartlar\u0131 do\u011frultusunda ger\u00e7ekle\u015ftiriyoruz. Projeye \u00f6zel tasarlanan veya teknik \u00e7izimlere uygun olarak \u00fcretilen par\u00e7alar; dayan\u0131kl\u0131l\u0131k, g\u00fcvenilirlik ve uzun \u00f6m\u00fcrl\u00fc kullan\u0131m esas al\u0131narak imal edilmektedir. &#8220;Tek bir par\u00e7an\u0131n kalitesi, t\u00fcm hatt\u0131n verimlili\u011fini belirler.&#8221; Par\u00e7an\u0131z\u0131 Tarif Edin, Gerisini Biz &hellip; <a href=\"https:\/\/anadolu-kimya.com\/ro\/parca-uretimi\/\" class=\"more-link\">Continue reading <span class=\"screen-reader-text\">Fabricarea pieselor<\/span><\/a><\/p>","protected":false},"author":1,"featured_media":0,"parent":0,"menu_order":0,"comment_status":"closed","ping_status":"closed","template":"elementor_theme","meta":{"footnotes":""},"class_list":["post-6820","page","type-page","status-publish","hentry"],"_links":{"self":[{"href":"https:\/\/anadolu-kimya.com\/ro\/wp-json\/wp\/v2\/pages\/6820","targetHints":{"allow":["GET"]}}],"collection":[{"href":"https:\/\/anadolu-kimya.com\/ro\/wp-json\/wp\/v2\/pages"}],"about":[{"href":"https:\/\/anadolu-kimya.com\/ro\/wp-json\/wp\/v2\/types\/page"}],"author":[{"embeddable":true,"href":"https:\/\/anadolu-kimya.com\/ro\/wp-json\/wp\/v2\/users\/1"}],"replies":[{"embeddable":true,"href":"https:\/\/anadolu-kimya.com\/ro\/wp-json\/wp\/v2\/comments?post=6820"}],"version-history":[{"count":4,"href":"https:\/\/anadolu-kimya.com\/ro\/wp-json\/wp\/v2\/pages\/6820\/revisions"}],"predecessor-version":[{"id":6825,"href":"https:\/\/anadolu-kimya.com\/ro\/wp-json\/wp\/v2\/pages\/6820\/revisions\/6825"}],"wp:attachment":[{"href":"https:\/\/anadolu-kimya.com\/ro\/wp-json\/wp\/v2\/media?parent=6820"}],"curies":[{"name":"wp","href":"https:\/\/api.w.org\/{rel}","templated":true}]}}