{"id":720,"date":"2021-03-03T07:06:57","date_gmt":"2021-03-03T07:06:57","guid":{"rendered":"https:\/\/themetechmount.com\/wordpress\/fablio\/?page_id=720"},"modified":"2026-03-26T17:26:29","modified_gmt":"2026-03-26T17:26:29","slug":"kurumsal","status":"publish","type":"page","link":"https:\/\/anadolu-kimya.com\/ro\/kurumsal\/","title":{"rendered":"Institu\u0163ional"},"content":{"rendered":"<div data-elementor-type=\"wp-page\" data-elementor-id=\"720\" class=\"elementor elementor-720\" data-elementor-post-type=\"page\">\n\t\t\t\t\t\t<section class=\"elementor-section elementor-top-section elementor-element elementor-element-0c59cba tm-column-break-ipad-yes elementor-section-stretched tm-col-stretched-none elementor-section-boxed elementor-section-height-default elementor-section-height-default\" data-id=\"0c59cba\" data-element_type=\"section\" data-settings=\"{&quot;stretch_section&quot;:&quot;section-stretched&quot;}\">\n\t\t\t\t\t\t<div class=\"elementor-container elementor-column-gap-default\">\n\t\t\t\t\t<div class=\"elementor-column elementor-col-33 elementor-top-column elementor-element elementor-element-dc08251\" data-id=\"dc08251\" data-element_type=\"column\">\n\t\t\t<div class=\"elementor-widget-wrap elementor-element-populated\">\n\t\t\t\t\t\t<div class=\"elementor-element elementor-element-65c2cdc elementor-widget elementor-widget-image\" data-id=\"65c2cdc\" data-element_type=\"widget\" data-widget_type=\"image.default\">\n\t\t\t\t\t\t\t\t\t\t\t\t\t\t\t<img fetchpriority=\"high\" decoding=\"async\" width=\"475\" height=\"624\" src=\"https:\/\/anadolu-kimya.com\/wp-content\/uploads\/2026\/03\/kurumsal-01.jpg\" class=\"attachment-large size-large wp-image-6753\" alt=\"\" srcset=\"https:\/\/anadolu-kimya.com\/wp-content\/uploads\/2026\/03\/kurumsal-01.jpg 475w, https:\/\/anadolu-kimya.com\/wp-content\/uploads\/2026\/03\/kurumsal-01-228x300.jpg 228w\" sizes=\"(max-width: 475px) 100vw, 475px\" data-id=\"6753\" \/>\t\t\t\t\t\t\t\t\t\t\t\t\t\t\t<\/div>\n\t\t\t\t\t<\/div>\n\t\t<\/div>\n\t\t\t\t<div class=\"elementor-column elementor-col-66 elementor-top-column elementor-element elementor-element-112dc38\" data-id=\"112dc38\" data-element_type=\"column\">\n\t\t\t<div class=\"elementor-widget-wrap elementor-element-populated\">\n\t\t\t\t\t\t<div class=\"elementor-element elementor-element-e82ab9c tm-align-left elementor-widget elementor-widget-tm_heading\" data-id=\"e82ab9c\" data-element_type=\"widget\" data-widget_type=\"tm_heading.default\">\n\t\t\t\t<div class=\"elementor-widget-container\">\n\t\t\t\t\t<div class=\"tm-element-heading-content-wrapper left-align tm-reverse-heading-yes tm-seperator-solid tm-content-with-desc tm-heading-style-vertical\"><div class=\"tm-content-header\"><h4 class=\"tm-element-subheading tm-custom-heading\">\n\t\t\t\tCINE SUNTEM NOI?\n\t\t\t<\/h4>\n\t\t<h2 class=\"tm-element-content-heading tm-custom-heading\">\n\t\t\t\tO abordare inginereasc\u0103 fiabil\u0103 care combin\u0103 experien\u021ba cu tehnologia.\n\t\t\t<\/h2>\n\t\t<div class=\"heading-seperator\"><span><\/span><\/div><\/div><div class=\"tm-element-content-desctxt\">Anadolu Professional Machinery &amp; Chemicals a fost fondat\u0103 \u00een Bursa \u00een 1998 \u0219i \u0219i-a extins opera\u021biunile p\u00e2n\u0103 la pozi\u021bia actual\u0103. \u00cencep\u00e2nd cu v\u00e2nz\u0103ri de produse chimice \u0219i asisten\u021b\u0103 tehnic\u0103, structura noastr\u0103 s-a extins pentru a include fabricarea de ma\u0219ini, proiectarea de proiecte, consultan\u021b\u0103 tehnic\u0103 \u0219i servicii de solu\u021bii industriale. Cu o experien\u021b\u0103 extins\u0103 din Turcia p\u00e2n\u0103 \u00een str\u0103in\u0103tate, lucr\u0103m cu accent pe calitate \u0219i sustenabilitate.<\/div><\/div>\t\t\t\t<\/div>\n\t\t\t\t<\/div>\n\t\t\t\t<div class=\"elementor-element elementor-element-b21189f elementor-widget-divider--view-line elementor-widget elementor-widget-divider\" data-id=\"b21189f\" data-element_type=\"widget\" data-widget_type=\"divider.default\">\n\t\t\t\t\t\t\t<div class=\"elementor-divider\">\n\t\t\t<span class=\"elementor-divider-separator\">\n\t\t\t\t\t\t<\/span>\n\t\t<\/div>\n\t\t\t\t\t\t<\/div>\n\t\t\t\t<div class=\"elementor-element elementor-element-5fd1aa9 tm-list elementor-icon-list--layout-traditional elementor-list-item-link-full_width elementor-widget elementor-widget-icon-list\" data-id=\"5fd1aa9\" data-element_type=\"widget\" data-widget_type=\"icon-list.default\">\n\t\t\t\t\t\t\t<ul class=\"elementor-icon-list-items\">\n\t\t\t\t\t\t\t<li class=\"elementor-icon-list-item\">\n\t\t\t\t\t\t\t\t\t\t\t<span class=\"elementor-icon-list-icon\">\n\t\t\t\t\t\t\t<svg aria-hidden=\"true\" class=\"e-font-icon-svg e-fas-check\" viewbox=\"0 0 512 512\" xmlns=\"http:\/\/www.w3.org\/2000\/svg\"><path d=\"M173.898 439.404l-166.4-166.4c-9.997-9.997-9.997-26.206 0-36.204l36.203-36.204c9.997-9.998 26.207-9.998 36.204 0L192 312.69 432.095 72.596c9.997-9.997 26.207-9.997 36.204 0l36.203 36.204c9.997 9.997 9.997 26.206 0 36.204l-294.4 294.401c-9.998 9.997-26.207 9.997-36.204-.001z\"><\/path><\/svg>\t\t\t\t\t\t<\/span>\n\t\t\t\t\t\t\t\t\t\t<span class=\"elementor-icon-list-text\">Oferim servicii complete, de la proiectare p\u00e2n\u0103 la instalare \u0219i punere \u00een func\u021biune.<\/span>\n\t\t\t\t\t\t\t\t\t<\/li>\n\t\t\t\t\t\t\t\t<li class=\"elementor-icon-list-item\">\n\t\t\t\t\t\t\t\t\t\t\t<span class=\"elementor-icon-list-icon\">\n\t\t\t\t\t\t\t<svg aria-hidden=\"true\" class=\"e-font-icon-svg e-fas-check\" viewbox=\"0 0 512 512\" xmlns=\"http:\/\/www.w3.org\/2000\/svg\"><path d=\"M173.898 439.404l-166.4-166.4c-9.997-9.997-9.997-26.206 0-36.204l36.203-36.204c9.997-9.998 26.207-9.998 36.204 0L192 312.69 432.095 72.596c9.997-9.997 26.207-9.997 36.204 0l36.203 36.204c9.997 9.997 9.997 26.206 0 36.204l-294.4 294.401c-9.998 9.997-26.207 9.997-36.204-.001z\"><\/path><\/svg>\t\t\t\t\t\t<\/span>\n\t\t\t\t\t\t\t\t\t\t<span class=\"elementor-icon-list-text\">Reunim profesioni\u0219ti cu experien\u021b\u0103 \u0219i o for\u021b\u0103 de munc\u0103 t\u00e2n\u0103r\u0103 \u0219i dinamic\u0103 sub aceea\u0219i filozofie inginereasc\u0103.<\/span>\n\t\t\t\t\t\t\t\t\t<\/li>\n\t\t\t\t\t\t\t\t<li class=\"elementor-icon-list-item\">\n\t\t\t\t\t\t\t\t\t\t\t<span class=\"elementor-icon-list-icon\">\n\t\t\t\t\t\t\t<svg aria-hidden=\"true\" class=\"e-font-icon-svg e-fas-check\" viewbox=\"0 0 512 512\" xmlns=\"http:\/\/www.w3.org\/2000\/svg\"><path d=\"M173.898 439.404l-166.4-166.4c-9.997-9.997-9.997-26.206 0-36.204l36.203-36.204c9.997-9.998 26.207-9.998 36.204 0L192 312.69 432.095 72.596c9.997-9.997 26.207-9.997 36.204 0l36.203 36.204c9.997 9.997 9.997 26.206 0 36.204l-294.4 294.401c-9.998 9.997-26.207 9.997-36.204-.001z\"><\/path><\/svg>\t\t\t\t\t\t<\/span>\n\t\t\t\t\t\t\t\t\t\t<span class=\"elementor-icon-list-text\">Dezvolt\u0103m solu\u021bii industriale ecologice, axate pe eficien\u021b\u0103 \u0219i sustenabile.<\/span>\n\t\t\t\t\t\t\t\t\t<\/li>\n\t\t\t\t\t\t<\/ul>\n\t\t\t\t\t\t<\/div>\n\t\t\t\t<section class=\"elementor-section elementor-inner-section elementor-element elementor-element-2b35a75 tm-col-padding-zero-991 tm-inline-column-view-tablet tm-column-break-ipad-no tm-col-stretched-none elementor-section-boxed elementor-section-height-default elementor-section-height-default\" data-id=\"2b35a75\" data-element_type=\"section\">\n\t\t\t\t\t\t<div class=\"elementor-container elementor-column-gap-default\">\n\t\t\t\t\t<div class=\"elementor-column elementor-col-100 elementor-inner-column elementor-element elementor-element-0e625eb\" data-id=\"0e625eb\" data-element_type=\"column\">\n\t\t\t<div class=\"elementor-widget-wrap elementor-element-populated\">\n\t\t\t\t\t\t<div class=\"elementor-element elementor-element-f09e83a tm-btn-style-none tm-btn-color-skincolor tm-btn-style-flat tm-btn-shape-square elementor-widget elementor-widget-button\" data-id=\"f09e83a\" data-element_type=\"widget\" data-widget_type=\"button.default\">\n\t\t\t\t\t\t\t\t\t\t<a class=\"elementor-button elementor-button-link elementor-size-lg\" href=\"\/ro\/iletisim\/\">\n\t\t\t\t\t\t<span class=\"elementor-button-content-wrapper\">\n\t\t\t\t\t\t\t\t\t<span class=\"elementor-button-text\">Contacta\u0163i-ne<\/span>\n\t\t\t\t\t<\/span>\n\t\t\t\t\t<\/a>\n\t\t\t\t\t\t\t\t<\/div>\n\t\t\t\t\t<\/div>\n\t\t<\/div>\n\t\t\t\t\t<\/div>\n\t\t<\/section>\n\t\t\t\t\t<\/div>\n\t\t<\/div>\n\t\t\t\t\t<\/div>\n\t\t<\/section>\n\t\t\t\t<section class=\"elementor-section elementor-top-section elementor-element elementor-element-4977c42 tm-bgcolor-grey elementor-section-stretched tm-column-break-ipad-no tm-col-stretched-none elementor-section-boxed elementor-section-height-default elementor-section-height-default\" data-id=\"4977c42\" data-element_type=\"section\" data-settings=\"{&quot;stretch_section&quot;:&quot;section-stretched&quot;}\">\n\t\t\t\t\t\t<div class=\"elementor-container elementor-column-gap-default\">\n\t\t\t\t\t<div class=\"elementor-column elementor-col-100 elementor-top-column elementor-element elementor-element-3c47c68\" data-id=\"3c47c68\" data-element_type=\"column\">\n\t\t\t<div class=\"elementor-widget-wrap elementor-element-populated\">\n\t\t\t\t\t\t<div class=\"elementor-element elementor-element-b0d7658 tm-align-center elementor-widget elementor-widget-tm_staticbox_element\" data-id=\"b0d7658\" data-element_type=\"widget\" data-widget_type=\"tm_staticbox_element.default\">\n\t\t\t\t<div class=\"elementor-widget-container\">\n\t\t\t\t\t\n\t\t<div class=\"tm-element-heading-content-wrapper center-align tm-reverse-heading-yes tm-seperator-solid  tm-heading-style-vertical\"><div class=\"tm-content-header\"><h4 class=\"tm-element-subheading tm-custom-heading\">\n\t\t\t\tCu experien\u021b\u0103, tehnologie \u0219i \u00eencredere\n\t\t\t<\/h4>\n\t\t<h2 class=\"tm-element-content-heading tm-custom-heading\">\n\t\t\t\tCre\u0103m solu\u021bii sustenabile.\n\t\t\t<\/h2>\n\t\t<div class=\"heading-seperator\"><span><\/span><\/div><\/div><\/div>\n\t\t<!-- <div class=\"themetechmount-boxes-row-wrapper tm-processbox-wrapper\"> -->\n\t\t\t<div class=\"themetechmount-boxes-row-wrapper tm-processbox-wrapper tm-processbox-style2\">\n\n\t\t\n\t\t<div class=\"tm-processbox\">\r\n<div class=\"tm-box-icon\">\r\n\t<div class=\"tm-stepbox-main-icon\"><div class=\"tm-ptable-icon-wrapper\"><i class=\"material-icons md-people_outline\"><\/i><\/div><\/div>\t<div class=\"process-num\"><span class=\"number\">01<\/span><\/div><\/div>\r\n<div class=\"tm-box-content\">\r\n\t\t<div class=\"tm-box-title\"><h5>Echip\u0103 experimentat\u0103<\/h5><\/div>\t\t<div class=\"themetechmount-static-box-desc\">Combin\u0103m anii de experien\u021b\u0103 \u00een domeniu cu cuno\u0219tin\u021be tehnice solide pentru a planifica proiecte cu precizie.<\/div><\/div>\r\n<\/div><div class=\"tm-processbox\">\r\n<div class=\"tm-box-icon\">\r\n\t<div class=\"tm-stepbox-main-icon\"><div class=\"tm-ptable-icon-wrapper\"><i class=\"xlwpf wppb-font-projection\"><\/i><\/div><\/div>\t<div class=\"process-num\"><span class=\"number\">02<\/span><\/div><\/div>\r\n<div class=\"tm-box-content\">\r\n\t\t<div class=\"tm-box-title\"><h5>Abordare orientat\u0103 pe proiecte<\/h5><\/div>\t\t<div class=\"themetechmount-static-box-desc\">Dezvolt\u0103m solu\u021bii personalizate \u0219i gestion\u0103m procesele de la cercetarea ini\u021bial\u0103 p\u00e2n\u0103 la livrare.<\/div><\/div>\r\n<\/div><div class=\"tm-processbox\">\r\n<div class=\"tm-box-icon\">\r\n\t<div class=\"tm-stepbox-main-icon\"><div class=\"tm-ptable-icon-wrapper\"><i class=\"xlwpf wppb-font-startup\"><\/i><\/div><\/div>\t<div class=\"process-num\"><span class=\"number\">03<\/span><\/div><\/div>\r\n<div class=\"tm-box-content\">\r\n\t\t<div class=\"tm-box-title\"><h5>Tehnologie \u0219i cercetare \u0219i dezvoltare<\/h5><\/div>\t\t<div class=\"themetechmount-static-box-desc\">Proiect\u0103m sisteme eficiente, sigure \u0219i sustenabile folosind tehnologie de ultim\u0103 genera\u021bie \u0219i o abordare inovatoare.<\/div><\/div>\r\n<\/div><div class=\"tm-processbox\">\r\n<div class=\"tm-box-icon\">\r\n\t<div class=\"tm-stepbox-main-icon\"><div class=\"tm-ptable-icon-wrapper\"><i class=\"far fa-grin-stars\"><\/i><\/div><\/div>\t<div class=\"process-num\"><span class=\"number\">04<\/span><\/div><\/div>\r\n<div class=\"tm-box-content\">\r\n\t\t<div class=\"tm-box-title\"><h5>Satisfac\u021bia clien\u021bilor<\/h5><\/div>\t\t<div class=\"themetechmount-static-box-desc\">Construim parteneriate de afaceri pe termen lung prin servicii de calitate, comunicare transparent\u0103 \u0219i asisten\u021b\u0103 tehnic\u0103.<\/div><\/div>\r\n<\/div>\n\t\t<\/div>\n\n\t    \t\t\t\t<\/div>\n\t\t\t\t<\/div>\n\t\t\t\t\t<\/div>\n\t\t<\/div>\n\t\t\t\t\t<\/div>\n\t\t<\/section>\n\t\t<div class=\"elementor-element elementor-element-635afab tm-laltop-pddefault e-flex e-con-boxed e-con e-parent\" data-id=\"635afab\" data-element_type=\"container\">\n\t\t\t\t\t<div class=\"e-con-inner\">\n\t\t<div class=\"elementor-element elementor-element-196e4ac e-con-full e-flex e-con e-child\" data-id=\"196e4ac\" data-element_type=\"container\" data-settings=\"{&quot;background_background&quot;:&quot;classic&quot;}\">\n\t\t\t\t<div class=\"elementor-element elementor-element-eefe247 tm-align-left elementor-widget elementor-widget-tm_heading\" data-id=\"eefe247\" data-element_type=\"widget\" data-widget_type=\"tm_heading.default\">\n\t\t\t\t<div class=\"elementor-widget-container\">\n\t\t\t\t\t<div class=\"tm-element-heading-content-wrapper left-align tm-reverse-heading-yes tm-seperator-solid tm-content-with-desc tm-heading-style-vertical\"><div class=\"tm-content-header\"><h4 class=\"tm-element-subheading tm-custom-heading\">\n\t\t\t\tFOR\u021aA NOASTR\u0102 CORPORATIV\u0102\n\t\t\t<\/h4>\n\t\t<h2 class=\"tm-element-content-heading tm-custom-heading\">\n\t\t\t\tOferim nu doar echipamente, ci \u0219i inginerie \u0219i asigurarea proceselor pentru proiectul dumneavoastr\u0103.\n\t\t\t<\/h2>\n\t\t<div class=\"heading-seperator\"><span><\/span><\/div><\/div><div class=\"tm-element-content-desctxt\">La Anadolu Professional Machinery &amp; Chemicals, oper\u0103m nu doar ca furnizor de produse, ci \u0219i ca partener de solu\u021bii care gestioneaz\u0103 procesele de proiectare, produc\u021bie, instalare \u0219i asisten\u021b\u0103 tehnic\u0103. Combin\u0103m experien\u021ba noastr\u0103 \u00een domeniul instala\u021biilor de acoperire, al sistemelor de tratare \u0219i al echipamentelor de procesare cu tehnologia de ultim\u0103 genera\u021bie, dezvolt\u00e2nd sisteme eficiente, sigure \u0219i sustenabile pentru companii.<\/div><\/div>\t\t\t\t<\/div>\n\t\t\t\t<\/div>\n\t\t\t\t<div class=\"elementor-element elementor-element-75589ab tm-progress-bar  elementor-widget elementor-widget-progress\" data-id=\"75589ab\" data-element_type=\"widget\" data-widget_type=\"progress.default\">\n\t\t\t\t\t\t\t\t<span class=\"elementor-title\" id=\"elementor-progress-bar-75589ab\">\n\t\t\t\tCompeten\u021b\u0103 inginereasc\u0103\t\t\t<\/span>\n\t\t\n\t\t<div aria-labelledby=\"elementor-progress-bar-75589ab\" class=\"elementor-progress-wrapper\" role=\"progressbar\" aria-valuemin=\"0\" aria-valuemax=\"100\" aria-valuenow=\"100\">\n\t\t\t<div class=\"elementor-progress-bar\" data-max=\"100\">\n\t\t\t\t<span class=\"elementor-progress-text\"><\/span>\n\t\t\t\t\t\t\t\t\t<span class=\"elementor-progress-percentage\">100%<\/span>\n\t\t\t\t\t\t\t<\/div>\n\t\t<\/div>\n\t\t\t\t\t\t<\/div>\n\t\t\t\t<div class=\"elementor-element elementor-element-d0216b8 tm-progress-bar  elementor-widget elementor-widget-progress\" data-id=\"d0216b8\" data-element_type=\"widget\" data-widget_type=\"progress.default\">\n\t\t\t\t\t\t\t\t<span class=\"elementor-title\" id=\"elementor-progress-bar-d0216b8\">\n\t\t\t\tTeren \u0219i punere \u00een func\u021biune\t\t\t<\/span>\n\t\t\n\t\t<div aria-labelledby=\"elementor-progress-bar-d0216b8\" class=\"elementor-progress-wrapper\" role=\"progressbar\" aria-valuemin=\"0\" aria-valuemax=\"100\" aria-valuenow=\"100\">\n\t\t\t<div class=\"elementor-progress-bar\" data-max=\"100\">\n\t\t\t\t<span class=\"elementor-progress-text\"><\/span>\n\t\t\t\t\t\t\t\t\t<span class=\"elementor-progress-percentage\">100%<\/span>\n\t\t\t\t\t\t\t<\/div>\n\t\t<\/div>\n\t\t\t\t\t\t<\/div>\n\t\t\t\t<div class=\"elementor-element elementor-element-dbe36cf tm-progress-bar  elementor-widget elementor-widget-progress\" data-id=\"dbe36cf\" data-element_type=\"widget\" data-widget_type=\"progress.default\">\n\t\t\t\t\t\t\t\t<span class=\"elementor-title\" id=\"elementor-progress-bar-dbe36cf\">\n\t\t\t\tAplica\u021bie tehnic\u0103\t\t\t<\/span>\n\t\t\n\t\t<div aria-labelledby=\"elementor-progress-bar-dbe36cf\" class=\"elementor-progress-wrapper\" role=\"progressbar\" aria-valuemin=\"0\" aria-valuemax=\"100\" aria-valuenow=\"100\">\n\t\t\t<div class=\"elementor-progress-bar\" data-max=\"100\">\n\t\t\t\t<span class=\"elementor-progress-text\"><\/span>\n\t\t\t\t\t\t\t\t\t<span class=\"elementor-progress-percentage\">100%<\/span>\n\t\t\t\t\t\t\t<\/div>\n\t\t<\/div>\n\t\t\t\t\t\t<\/div>\n\t\t\t\t<div class=\"elementor-element elementor-element-abbf63c tm-progress-bar  elementor-widget elementor-widget-progress\" data-id=\"abbf63c\" data-element_type=\"widget\" data-widget_type=\"progress.default\">\n\t\t\t\t\t\t\t\t<span class=\"elementor-title\" id=\"elementor-progress-bar-abbf63c\">\n\t\t\t\tDezvoltare de solu\u021bii\t\t\t<\/span>\n\t\t\n\t\t<div aria-labelledby=\"elementor-progress-bar-abbf63c\" class=\"elementor-progress-wrapper\" role=\"progressbar\" aria-valuemin=\"0\" aria-valuemax=\"100\" aria-valuenow=\"100\">\n\t\t\t<div class=\"elementor-progress-bar\" data-max=\"100\">\n\t\t\t\t<span class=\"elementor-progress-text\"><\/span>\n\t\t\t\t\t\t\t\t\t<span class=\"elementor-progress-percentage\">100%<\/span>\n\t\t\t\t\t\t\t<\/div>\n\t\t<\/div>\n\t\t\t\t\t\t<\/div>\n\t\t\t\t<\/div>\n\t\t<div class=\"elementor-element elementor-element-0e09e68 e-con-full e-flex e-con e-child\" data-id=\"0e09e68\" data-element_type=\"container\" data-settings=\"{&quot;background_background&quot;:&quot;classic&quot;}\">\n\t\t\t\t<div class=\"elementor-element elementor-element-7b1dd61 elementor-widget elementor-widget-spacer\" data-id=\"7b1dd61\" data-element_type=\"widget\" data-widget_type=\"spacer.default\">\n\t\t\t\t\t\t\t<div class=\"elementor-spacer\">\n\t\t\t<div class=\"elementor-spacer-inner\"><\/div>\n\t\t<\/div>\n\t\t\t\t\t\t<\/div>\n\t\t\t\t<\/div>\n\t\t\t\t\t<\/div>\n\t\t\t\t<\/div>\n\t\t\t\t<\/div>","protected":false},"excerpt":{"rendered":"<p>B\u0130Z K\u0130M\u0130Z Tecr\u00fcbeyi Teknolojiyle Birle\u015ftiren G\u00fcvenilir M\u00fchendislik Anlay\u0131\u015f\u0131 Anadolu Profesyonel Makine Kimya, 1998 y\u0131l\u0131nda Bursa\u2019da kurulmu\u015f ve faaliyetlerini geli\u015ftirerek bug\u00fcnlere ula\u015fm\u0131\u015ft\u0131r. Kimyasal sat\u0131\u015f ve teknik destek ile ba\u015flayan yap\u0131m\u0131z; makine \u00fcretimi, proje tasar\u0131m\u0131, teknik dan\u0131\u015fmanl\u0131k ve end\u00fcstriyel \u00e7\u00f6z\u00fcm hizmetleriyle b\u00fcy\u00fcm\u00fc\u015ft\u00fcr. T\u00fcrkiye\u2019den yurt d\u0131\u015f\u0131na uzanan tecr\u00fcbemizle, kalite ve s\u00fcrd\u00fcr\u00fclebilirli\u011fi oda\u011f\u0131m\u0131za alarak \u00e7al\u0131\u015fmaktay\u0131z. Proje tasar\u0131m\u0131ndan kurulum ve &hellip; <a href=\"https:\/\/anadolu-kimya.com\/ro\/kurumsal\/\" class=\"more-link\">Continue reading <span class=\"screen-reader-text\">Institu\u0163ional<\/span><\/a><\/p>","protected":false},"author":1,"featured_media":0,"parent":0,"menu_order":0,"comment_status":"closed","ping_status":"closed","template":"","meta":{"footnotes":""},"class_list":["post-720","page","type-page","status-publish","hentry"],"_links":{"self":[{"href":"https:\/\/anadolu-kimya.com\/ro\/wp-json\/wp\/v2\/pages\/720","targetHints":{"allow":["GET"]}}],"collection":[{"href":"https:\/\/anadolu-kimya.com\/ro\/wp-json\/wp\/v2\/pages"}],"about":[{"href":"https:\/\/anadolu-kimya.com\/ro\/wp-json\/wp\/v2\/types\/page"}],"author":[{"embeddable":true,"href":"https:\/\/anadolu-kimya.com\/ro\/wp-json\/wp\/v2\/users\/1"}],"replies":[{"embeddable":true,"href":"https:\/\/anadolu-kimya.com\/ro\/wp-json\/wp\/v2\/comments?post=720"}],"version-history":[{"count":14,"href":"https:\/\/anadolu-kimya.com\/ro\/wp-json\/wp\/v2\/pages\/720\/revisions"}],"predecessor-version":[{"id":6756,"href":"https:\/\/anadolu-kimya.com\/ro\/wp-json\/wp\/v2\/pages\/720\/revisions\/6756"}],"wp:attachment":[{"href":"https:\/\/anadolu-kimya.com\/ro\/wp-json\/wp\/v2\/media?parent=720"}],"curies":[{"name":"wp","href":"https:\/\/api.w.org\/{rel}","templated":true}]}}